{"id":1054,"date":"2024-12-29T22:17:09","date_gmt":"2024-12-29T22:17:09","guid":{"rendered":"https:\/\/energie-zentrum-deutschland.de\/?page_id=1054"},"modified":"2025-01-22T11:55:55","modified_gmt":"2025-01-22T11:55:55","slug":"cookie-policy","status":"publish","type":"page","link":"https:\/\/energie-zentrum-deutschland.de\/de\/cookie-policy\/","title":{"rendered":"Cookie-Politik"},"content":{"rendered":"<div data-elementor-type=\"wp-page\" data-elementor-id=\"1054\" class=\"elementor elementor-1054\" data-elementor-post-type=\"page\">\n\t\t\t\t<div class=\"elementor-element elementor-element-c8fecef e-flex e-con-boxed e-con e-parent\" data-id=\"c8fecef\" data-element_type=\"container\">\n\t\t\t\t\t<div class=\"e-con-inner\">\n\t\t<div class=\"elementor-element elementor-element-026964b e-con-full e-flex e-con e-child\" data-id=\"026964b\" data-element_type=\"container\">\n\t\t\t\t<div class=\"elementor-element elementor-element-311103f elementor-widget elementor-widget-heading\" data-id=\"311103f\" data-element_type=\"widget\" data-widget_type=\"heading.default\">\n\t\t\t\t<div class=\"elementor-widget-container\">\n\t\t\t\t\t<h2 class=\"elementor-heading-title elementor-size-default\">Cookie-Politik\n<\/h2>\t\t\t\t<\/div>\n\t\t\t\t<\/div>\n\t\t\t\t<\/div>\n\t\t<div class=\"elementor-element elementor-element-f0b34d8 e-con-full e-flex e-con e-child\" data-id=\"f0b34d8\" data-element_type=\"container\">\n\t\t\t\t<div class=\"elementor-element elementor-element-24255fc elementor-widget elementor-widget-image\" data-id=\"24255fc\" data-element_type=\"widget\" data-widget_type=\"image.default\">\n\t\t\t\t<div class=\"elementor-widget-container\">\n\t\t\t\t\t\t\t\t\t\t\t\t\t\t\t<img decoding=\"async\" width=\"190\" height=\"151\" src=\"https:\/\/energie-zentrum-deutschland.de\/wp-content\/uploads\/2024\/12\/Group-39892.svg\" class=\"attachment-large size-large wp-image-1057\" alt=\"\" \/>\t\t\t\t\t\t\t\t\t\t\t\t\t\t\t<\/div>\n\t\t\t\t<\/div>\n\t\t\t\t<\/div>\n\t\t\t\t\t<\/div>\n\t\t\t\t<\/div>\n\t\t<div class=\"elementor-element elementor-element-6cca8d4 e-flex e-con-boxed e-con e-parent\" data-id=\"6cca8d4\" data-element_type=\"container\" data-settings=\"{&quot;background_background&quot;:&quot;classic&quot;}\">\n\t\t\t\t\t<div class=\"e-con-inner\">\n\t\t<div class=\"elementor-element elementor-element-fc0750f e-con-full e-flex e-con e-child\" data-id=\"fc0750f\" data-element_type=\"container\">\n\t\t\t\t<div class=\"elementor-element elementor-element-ecdbaef elementor-toc--content-ellipsis elementor-widget elementor-widget-table-of-contents\" data-id=\"ecdbaef\" data-element_type=\"widget\" data-settings=\"{&quot;exclude_headings_by_selector&quot;:[],&quot;marker_view&quot;:&quot;bullets&quot;,&quot;no_headings_message&quot;:&quot;No headings were found on this page.&quot;,&quot;headings_by_tags&quot;:[&quot;h2&quot;,&quot;h3&quot;,&quot;h4&quot;,&quot;h5&quot;,&quot;h6&quot;],&quot;icon&quot;:{&quot;value&quot;:&quot;fas fa-circle&quot;,&quot;library&quot;:&quot;fa-solid&quot;,&quot;rendered_tag&quot;:&quot;&lt;svg class=\\&quot;e-font-icon-svg e-fas-circle\\&quot; viewBox=\\&quot;0 0 512 512\\&quot; xmlns=\\&quot;http:\\\/\\\/www.w3.org\\\/2000\\\/svg\\&quot;&gt;&lt;path d=\\&quot;M256 8C119 8 8 119 8 256s111 248 248 248 248-111 248-248S393 8 256 8z\\&quot;&gt;&lt;\\\/path&gt;&lt;\\\/svg&gt;&quot;},&quot;hierarchical_view&quot;:&quot;yes&quot;,&quot;min_height&quot;:{&quot;unit&quot;:&quot;px&quot;,&quot;size&quot;:&quot;&quot;,&quot;sizes&quot;:[]},&quot;min_height_tablet&quot;:{&quot;unit&quot;:&quot;px&quot;,&quot;size&quot;:&quot;&quot;,&quot;sizes&quot;:[]},&quot;min_height_mobile&quot;:{&quot;unit&quot;:&quot;px&quot;,&quot;size&quot;:&quot;&quot;,&quot;sizes&quot;:[]}}\" data-widget_type=\"table-of-contents.default\">\n\t\t\t\t<div class=\"elementor-widget-container\">\n\t\t\t\t\t\t\t<div class=\"elementor-toc__header\">\n\t\t\t<h4 class=\"elementor-toc__header-title\">\n\t\t\t\tINHALTSVERZEICHNIS\t\t\t<\/h4>\n\t\t\t\t\t<\/div>\n\t\t<div id=\"elementor-toc__ecdbaef\" class=\"elementor-toc__body\">\n\t\t\t<div class=\"elementor-toc__spinner-container\">\n\t\t\t\t<svg class=\"elementor-toc__spinner eicon-animation-spin e-font-icon-svg e-eicon-loading\" aria-hidden=\"true\" viewbox=\"0 0 1000 1000\" xmlns=\"http:\/\/www.w3.org\/2000\/svg\"><path d=\"M500 975V858C696 858 858 696 858 500S696 142 500 142 142 304 142 500H25C25 237 238 25 500 25S975 237 975 500 763 975 500 975Z\"><\/path><\/svg>\t\t\t<\/div>\n\t\t<\/div>\n\t\t\t\t\t\t<\/div>\n\t\t\t\t<\/div>\n\t\t\t\t<\/div>\n\t\t<div class=\"elementor-element elementor-element-1d3da21 e-con-full e-flex e-con e-child\" data-id=\"1d3da21\" data-element_type=\"container\">\n\t\t\t\t<div class=\"elementor-element elementor-element-8456f4b elementor-widget elementor-widget-text-editor\" data-id=\"8456f4b\" data-element_type=\"widget\" data-widget_type=\"text-editor.default\">\n\t\t\t\t<div class=\"elementor-widget-container\">\n\t\t\t\t\t\t\t\t\t<p><i>Diese Cookie-Richtlinie wurde zuletzt am Mai 2, 2024 aktualisiert und gilt f\u00fcr B\u00fcrger und Einwohner mit st\u00e4ndigem Wohnsitz im Europ\u00e4ischen Wirtschaftsraum und der Schweiz.<\/i><\/p><h2>1. Einf\u00fchrung<\/h2><p>Unsere Website,\u00a0<a href=\"https:\/\/energie-zentrum-deutschland.de\/de\/\">https:\/\/energie-zentrum-deutschland.de<\/a>\u00a0(im folgenden: \u201eDie Website\u201c) verwendet Cookies und \u00e4hnliche Technologien (der Einfachheit halber werden all diese unter \u201eCookies\u201c zusammengefasst). Cookies werden au\u00dferdem von uns beauftragten Drittparteien platziert. In dem unten stehendem Dokument informieren wir dich \u00fcber die Verwendung von Cookies auf unserer Website.<\/p><h2>2. Was sind Cookies?<\/h2><p>Ein Cookie ist eine einfache kleine Datei, die gemeinsam mit den Seiten einer Internetadresse versendet und vom Webbrowser auf dem PC oder einem anderen Ger\u00e4t gespeichert werden kann. Die darin gespeicherten Informationen k\u00f6nnen w\u00e4hrend folgender Besuche zu unseren oder den Servern relevanter Drittanbieter gesendet werden.<\/p><h2>3. Was sind Skripte?<\/h2><p>Ein Script ist ein St\u00fcck Programmcode, das benutzt wird, um unserer Website Funktionalit\u00e4t und Interaktivit\u00e4t zu erm\u00f6glichen. Dieser Code wird auf unseren Servern oder auf deinem Ger\u00e4t ausgef\u00fchrt.<\/p><h2>4. Was ist ein Web Beacon?<\/h2><p>Ein Web-Beacon (auch Pixel-Tag genannt), ist ein kleines unsichtbares Textfragment oder Bild auf einer Website, das benutzt wird, um den Verkehr auf der Website zu \u00fcberwachen. Um dies zu erm\u00f6glichen werden diverse Daten von dir mittels Web-Beacons gespeichert.<\/p><h2>5. Cookies<\/h2><p class=\"cmplz-subtitle\">5.1 Technische oder funktionelle Cookies<\/p><p>Einige Cookies stellen sicher, dass Teile unserer Website richtig funktionieren und deine Nutzervorlieben bekannt bleiben. Durch das Platzieren funktionaler Cookies machen wir es dir einfacher unsere Website zu besuchen. Auf diese Weise musst du bei Besuchen unserer Website nicht wiederholt die gleichen Informationen eingeben, oder deine Gegenst\u00e4nde bleiben beispielsweise in deinem Warenkorb bis du bezahlst. Wir k\u00f6nnen diese Cookies ohne dein Einverst\u00e4ndnis platzieren.<\/p><p class=\"cmplz-subtitle\">5.2 Analytische Cookies<\/p><p>Wir verwenden analytische Cookies, um das Website-Erlebnis f\u00fcr unsere Nutzer zu optimieren. Mit diesen analytischen Cookies erhalten wir Einblicke in die Nutzung unserer Website.\u00a0Wir bitten um deine Erlaubnis, analytische Cookies zu setzen.<\/p><p class=\"cmplz-subtitle\">5.3 Werbecookies<\/p><p>Auf dieser Website verwenden wir Werbe-Cookies, um Einblicke in die Kampagnenergebnisse zu erhalten. Dies geschieht basierend auf einem Profil, das wir basierend auf deinem Verhalten in\u00a0<a href=\"https:\/\/energie-zentrum-deutschland.de\/de\/\">https:\/\/energie-zentrum-deutschland.de<\/a>\u00a0erstellen. Mit diesen Cookies bist du als Website-Besucher mit einer eindeutigen ID verkn\u00fcpft. Diese Cookies erstellen jedoch kein Profil f\u00fcr dein Verhalten und deine Interessen, um personalisierte Anzeigen zu schalten.<\/p><p class=\"cmplz-subtitle\">5.4 Marketing- \/ Tracking-Cookies<\/p><p>Marketing- \/ Tracking-Cookies sind Cookies oder eine andere Form der lokalen Speicherung, die zur Erstellung von Benutzerprofilen verwendet werden, um Werbung anzuzeigen oder den Benutzer auf dieser Website oder \u00fcber mehrere Websites hinweg f\u00fcr \u00e4hnliche Marketingzwecke zu verfolgen.<\/p><p>Da diese Cookies als Verfolgungs-Cookie markiert sind, ben\u00f6tigen wir deine Zustimmung, um diese zu platzieren.<\/p><p class=\"cmplz-subtitle\">5.5 Soziale-Medien<\/p><p>Auf unserer Website haben wir Inhalte von Facebook, Instagram und TikTok eingebunden, um Webseiten zu bewerben (z. B. \u201eGef\u00e4llt mir\u201c, \u201ePin\u201c) oder zu teilen (z. B. \u201eTweet\u201c) in sozialen Netzwerken wie Facebook, Instagram und TikTok. Dieser Inhalt ist mit einem Code eingebettet, der von Facebook, Instagram und TikTok stammt und Cookies platziert. Diese Inhalte k\u00f6nnen bestimmte Informationen f\u00fcr personalisierte Werbung speichern und verarbeiten.<\/p><p>Bitte lies die Datenschutzerkl\u00e4rung dieser sozialen Netzwerke (die sich regelm\u00e4\u00dfig \u00e4ndern kann), um zu erfahren, wie sie mit deinen (pers\u00f6nlichen) Daten umgehen, die sie mithilfe dieser Cookies verarbeiten. Die abgerufenen Daten werden so weit wie m\u00f6glich anonymisiert. Facebook, Instagram und TikTok hat seine Sitze in den Vereinigten Staaten<\/p><p>\u00a0<\/p><p>\u00a0<\/p><p><i>Diese Cookie-Richtlinie wurde zuletzt am Mai 2, 2024 aktualisiert und gilt f\u00fcr B\u00fcrger und Einwohner mit st\u00e4ndigem Wohnsitz im Europ\u00e4ischen Wirtschaftsraum und der Schweiz.<\/i><\/p><h2>1. Einf\u00fchrung<\/h2><p>Unsere Website,\u00a0<a href=\"https:\/\/energie-zentrum-deutschland.de\/de\/\">https:\/\/energie-zentrum-deutschland.de<\/a>\u00a0(im folgenden: \u201eDie Website\u201c) verwendet Cookies und \u00e4hnliche Technologien (der Einfachheit halber werden all diese unter \u201eCookies\u201c zusammengefasst). Cookies werden au\u00dferdem von uns beauftragten Drittparteien platziert. In dem unten stehendem Dokument informieren wir dich \u00fcber die Verwendung von Cookies auf unserer Website.<\/p><h2>2. Was sind Cookies?<\/h2><p>Ein Cookie ist eine einfache kleine Datei, die gemeinsam mit den Seiten einer Internetadresse versendet und vom Webbrowser auf dem PC oder einem anderen Ger\u00e4t gespeichert werden kann. Die darin gespeicherten Informationen k\u00f6nnen w\u00e4hrend folgender Besuche zu unseren oder den Servern relevanter Drittanbieter gesendet werden.<\/p><h2>3. Was sind Skripte?<\/h2><p>Ein Script ist ein St\u00fcck Programmcode, das benutzt wird, um unserer Website Funktionalit\u00e4t und Interaktivit\u00e4t zu erm\u00f6glichen. Dieser Code wird auf unseren Servern oder auf deinem Ger\u00e4t ausgef\u00fchrt.<\/p><h2>4. Was ist ein Web Beacon?<\/h2><p>Ein Web-Beacon (auch Pixel-Tag genannt), ist ein kleines unsichtbares Textfragment oder Bild auf einer Website, das benutzt wird, um den Verkehr auf der Website zu \u00fcberwachen. Um dies zu erm\u00f6glichen werden diverse Daten von dir mittels Web-Beacons gespeichert.<\/p><h2>5. Cookies<\/h2><p class=\"cmplz-subtitle\">5.1 Technische oder funktionelle Cookies<\/p><p>Einige Cookies stellen sicher, dass Teile unserer Website richtig funktionieren und deine Nutzervorlieben bekannt bleiben. Durch das Platzieren funktionaler Cookies machen wir es dir einfacher unsere Website zu besuchen. Auf diese Weise musst du bei Besuchen unserer Website nicht wiederholt die gleichen Informationen eingeben, oder deine Gegenst\u00e4nde bleiben beispielsweise in deinem Warenkorb bis du bezahlst. Wir k\u00f6nnen diese Cookies ohne dein Einverst\u00e4ndnis platzieren.<\/p><p class=\"cmplz-subtitle\">5.2 Analytische Cookies<\/p><p>Wir verwenden analytische Cookies, um das Website-Erlebnis f\u00fcr unsere Nutzer zu optimieren. Mit diesen analytischen Cookies erhalten wir Einblicke in die Nutzung unserer Website.\u00a0Wir bitten um deine Erlaubnis, analytische Cookies zu setzen.<\/p><p class=\"cmplz-subtitle\">5.3 Werbecookies<\/p><p>Auf dieser Website verwenden wir Werbe-Cookies, um Einblicke in die Kampagnenergebnisse zu erhalten. Dies geschieht basierend auf einem Profil, das wir basierend auf deinem Verhalten in\u00a0<a href=\"https:\/\/energie-zentrum-deutschland.de\/de\/\">https:\/\/energie-zentrum-deutschland.de<\/a>\u00a0erstellen. Mit diesen Cookies bist du als Website-Besucher mit einer eindeutigen ID verkn\u00fcpft. Diese Cookies erstellen jedoch kein Profil f\u00fcr dein Verhalten und deine Interessen, um personalisierte Anzeigen zu schalten.<\/p><p class=\"cmplz-subtitle\">5.4 Marketing- \/ Tracking-Cookies<\/p><p>Marketing- \/ Tracking-Cookies sind Cookies oder eine andere Form der lokalen Speicherung, die zur Erstellung von Benutzerprofilen verwendet werden, um Werbung anzuzeigen oder den Benutzer auf dieser Website oder \u00fcber mehrere Websites hinweg f\u00fcr \u00e4hnliche Marketingzwecke zu verfolgen.<\/p><p>Da diese Cookies als Verfolgungs-Cookie markiert sind, ben\u00f6tigen wir deine Zustimmung, um diese zu platzieren.<\/p><p class=\"cmplz-subtitle\">5.5 Soziale-Medien<\/p><p>Auf unserer Website haben wir Inhalte von Facebook, Instagram und TikTok eingebunden, um Webseiten zu bewerben (z. B. \u201eGef\u00e4llt mir\u201c, \u201ePin\u201c) oder zu teilen (z. B. \u201eTweet\u201c) in sozialen Netzwerken wie Facebook, Instagram und TikTok. Dieser Inhalt ist mit einem Code eingebettet, der von Facebook, Instagram und TikTok stammt und Cookies platziert. Diese Inhalte k\u00f6nnen bestimmte Informationen f\u00fcr personalisierte Werbung speichern und verarbeiten.<\/p><p>Bitte lies die Datenschutzerkl\u00e4rung dieser sozialen Netzwerke (die sich regelm\u00e4\u00dfig \u00e4ndern kann), um zu erfahren, wie sie mit deinen (pers\u00f6nlichen) Daten umgehen, die sie mithilfe dieser Cookies verarbeiten. Die abgerufenen Daten werden so weit wie m\u00f6glich anonymisiert. Facebook, Instagram und TikTok hat seine Sitze in den Vereinigten Staaten<\/p>\t\t\t\t\t\t\t\t<\/div>\n\t\t\t\t<\/div>\n\t\t\t\t<\/div>\n\t\t\t\t\t<\/div>\n\t\t\t\t<\/div>\n\t\t\t\t<\/div>","protected":false},"excerpt":{"rendered":"<p>Cookie policy TABLE OF CONTENTS Diese Cookie-Richtlinie wurde zuletzt am Mai 2, 2024 aktualisiert und gilt f\u00fcr B\u00fcrger und Einwohner mit st\u00e4ndigem Wohnsitz im Europ\u00e4ischen Wirtschaftsraum und der Schweiz. 1. Einf\u00fchrung Unsere Website,\u00a0https:\/\/energie-zentrum-deutschland.de\u00a0(im folgenden: \u201eDie Website\u201c) verwendet Cookies und \u00e4hnliche Technologien (der Einfachheit halber werden all diese unter \u201eCookies\u201c zusammengefasst). Cookies werden au\u00dferdem von uns [&hellip;]<\/p>","protected":false},"author":1,"featured_media":0,"parent":0,"menu_order":0,"comment_status":"closed","ping_status":"closed","template":"","meta":{"footnotes":""},"class_list":["post-1054","page","type-page","status-publish","hentry"],"yoast_head":"<!-- This site is optimized with the Yoast SEO plugin v25.0 - https:\/\/yoast.com\/wordpress\/plugins\/seo\/ -->\n<title>Cookie policy - Energiezentrum Deutschland<\/title>\n<meta name=\"robots\" content=\"index, follow, max-snippet:-1, max-image-preview:large, max-video-preview:-1\" \/>\n<link rel=\"canonical\" href=\"https:\/\/energie-zentrum-deutschland.de\/de\/cookie-policy\/\" \/>\n<meta property=\"og:locale\" content=\"de_DE\" \/>\n<meta property=\"og:type\" content=\"article\" \/>\n<meta property=\"og:title\" content=\"Cookie policy - Energiezentrum Deutschland\" \/>\n<meta property=\"og:description\" content=\"Cookie policy TABLE OF CONTENTS Diese Cookie-Richtlinie wurde zuletzt am Mai 2, 2024 aktualisiert und gilt f\u00fcr B\u00fcrger und Einwohner mit st\u00e4ndigem Wohnsitz im Europ\u00e4ischen Wirtschaftsraum und der Schweiz. 1. Einf\u00fchrung Unsere Website,\u00a0https:\/\/energie-zentrum-deutschland.de\u00a0(im folgenden: \u201eDie Website\u201c) verwendet Cookies und \u00e4hnliche Technologien (der Einfachheit halber werden all diese unter \u201eCookies\u201c zusammengefasst). Cookies werden au\u00dferdem von uns [&hellip;]\" \/>\n<meta property=\"og:url\" content=\"https:\/\/energie-zentrum-deutschland.de\/de\/cookie-policy\/\" \/>\n<meta property=\"og:site_name\" content=\"Energiezentrum Deutschland\" \/>\n<meta property=\"article:publisher\" content=\"https:\/\/www.facebook.com\/profile.php?id=61569888557661\" \/>\n<meta property=\"article:modified_time\" content=\"2025-01-22T11:55:55+00:00\" \/>\n<meta property=\"og:image\" content=\"https:\/\/energie-zentrum-deutschland.de\/wp-content\/uploads\/2024\/12\/Group-39892.svg\" \/>\n<meta name=\"twitter:card\" content=\"summary_large_image\" \/>\n<meta name=\"twitter:label1\" content=\"Gesch\u00e4tzte Lesezeit\" \/>\n\t<meta name=\"twitter:data1\" content=\"5\u00a0Minuten\" \/>\n<script type=\"application\/ld+json\" class=\"yoast-schema-graph\">{\"@context\":\"https:\/\/schema.org\",\"@graph\":[{\"@type\":\"WebPage\",\"@id\":\"https:\/\/energie-zentrum-deutschland.de\/de\/cookie-policy\/\",\"url\":\"https:\/\/energie-zentrum-deutschland.de\/de\/cookie-policy\/\",\"name\":\"Cookie policy - Energiezentrum Deutschland\",\"isPartOf\":{\"@id\":\"https:\/\/energie-zentrum-deutschland.de\/de\/#website\"},\"primaryImageOfPage\":{\"@id\":\"https:\/\/energie-zentrum-deutschland.de\/de\/cookie-policy\/#primaryimage\"},\"image\":{\"@id\":\"https:\/\/energie-zentrum-deutschland.de\/de\/cookie-policy\/#primaryimage\"},\"thumbnailUrl\":\"https:\/\/energie-zentrum-deutschland.de\/wp-content\/uploads\/2024\/12\/Group-39892.svg\",\"datePublished\":\"2024-12-29T22:17:09+00:00\",\"dateModified\":\"2025-01-22T11:55:55+00:00\",\"breadcrumb\":{\"@id\":\"https:\/\/energie-zentrum-deutschland.de\/de\/cookie-policy\/#breadcrumb\"},\"inLanguage\":\"de\",\"potentialAction\":[{\"@type\":\"ReadAction\",\"target\":[\"https:\/\/energie-zentrum-deutschland.de\/de\/cookie-policy\/\"]}]},{\"@type\":\"ImageObject\",\"inLanguage\":\"de\",\"@id\":\"https:\/\/energie-zentrum-deutschland.de\/de\/cookie-policy\/#primaryimage\",\"url\":\"https:\/\/energie-zentrum-deutschland.de\/wp-content\/uploads\/2024\/12\/Group-39892.svg\",\"contentUrl\":\"https:\/\/energie-zentrum-deutschland.de\/wp-content\/uploads\/2024\/12\/Group-39892.svg\"},{\"@type\":\"BreadcrumbList\",\"@id\":\"https:\/\/energie-zentrum-deutschland.de\/de\/cookie-policy\/#breadcrumb\",\"itemListElement\":[{\"@type\":\"ListItem\",\"position\":1,\"name\":\"Home\",\"item\":\"https:\/\/energie-zentrum-deutschland.de\/\"},{\"@type\":\"ListItem\",\"position\":2,\"name\":\"Cookie policy\"}]},{\"@type\":\"WebSite\",\"@id\":\"https:\/\/energie-zentrum-deutschland.de\/de\/#website\",\"url\":\"https:\/\/energie-zentrum-deutschland.de\/de\/\",\"name\":\"Energiezentrum Deutschland\",\"description\":\"Im Zentrum der Energiewende\",\"publisher\":{\"@id\":\"https:\/\/energie-zentrum-deutschland.de\/de\/#organization\"},\"potentialAction\":[{\"@type\":\"SearchAction\",\"target\":{\"@type\":\"EntryPoint\",\"urlTemplate\":\"https:\/\/energie-zentrum-deutschland.de\/de\/?s={search_term_string}\"},\"query-input\":{\"@type\":\"PropertyValueSpecification\",\"valueRequired\":true,\"valueName\":\"search_term_string\"}}],\"inLanguage\":\"de\"},{\"@type\":\"Organization\",\"@id\":\"https:\/\/energie-zentrum-deutschland.de\/de\/#organization\",\"name\":\"Energiezentrum Deutschland\",\"url\":\"https:\/\/energie-zentrum-deutschland.de\/de\/\",\"logo\":{\"@type\":\"ImageObject\",\"inLanguage\":\"de\",\"@id\":\"https:\/\/energie-zentrum-deutschland.de\/de\/#\/schema\/logo\/image\/\",\"url\":\"https:\/\/energie-zentrum-deutschland.de\/wp-content\/uploads\/2025\/01\/Asset-1@2x.png\",\"contentUrl\":\"https:\/\/energie-zentrum-deutschland.de\/wp-content\/uploads\/2025\/01\/Asset-1@2x.png\",\"width\":42,\"height\":41,\"caption\":\"Energiezentrum Deutschland\"},\"image\":{\"@id\":\"https:\/\/energie-zentrum-deutschland.de\/de\/#\/schema\/logo\/image\/\"},\"sameAs\":[\"https:\/\/www.facebook.com\/profile.php?id=61569888557661\",\"https:\/\/www.instagram.com\/energie_zentrum\/\",\"https:\/\/www.youtube.com\/@Energie.zentrum\"]}]}<\/script>\n<!-- \/ Yoast SEO plugin. -->","yoast_head_json":{"title":"Cookie policy - Energiezentrum Deutschland","robots":{"index":"index","follow":"follow","max-snippet":"max-snippet:-1","max-image-preview":"max-image-preview:large","max-video-preview":"max-video-preview:-1"},"canonical":"https:\/\/energie-zentrum-deutschland.de\/de\/cookie-policy\/","og_locale":"de_DE","og_type":"article","og_title":"Cookie policy - Energiezentrum Deutschland","og_description":"Cookie policy TABLE OF CONTENTS Diese Cookie-Richtlinie wurde zuletzt am Mai 2, 2024 aktualisiert und gilt f\u00fcr B\u00fcrger und Einwohner mit st\u00e4ndigem Wohnsitz im Europ\u00e4ischen Wirtschaftsraum und der Schweiz. 1. Einf\u00fchrung Unsere Website,\u00a0https:\/\/energie-zentrum-deutschland.de\u00a0(im folgenden: \u201eDie Website\u201c) verwendet Cookies und \u00e4hnliche Technologien (der Einfachheit halber werden all diese unter \u201eCookies\u201c zusammengefasst). Cookies werden au\u00dferdem von uns [&hellip;]","og_url":"https:\/\/energie-zentrum-deutschland.de\/de\/cookie-policy\/","og_site_name":"Energiezentrum Deutschland","article_publisher":"https:\/\/www.facebook.com\/profile.php?id=61569888557661","article_modified_time":"2025-01-22T11:55:55+00:00","og_image":[{"url":"https:\/\/energie-zentrum-deutschland.de\/wp-content\/uploads\/2024\/12\/Group-39892.svg","type":"","width":"","height":""}],"twitter_card":"summary_large_image","twitter_misc":{"Gesch\u00e4tzte Lesezeit":"5\u00a0Minuten"},"schema":{"@context":"https:\/\/schema.org","@graph":[{"@type":"WebPage","@id":"https:\/\/energie-zentrum-deutschland.de\/de\/cookie-policy\/","url":"https:\/\/energie-zentrum-deutschland.de\/de\/cookie-policy\/","name":"Cookie policy - Energiezentrum Deutschland","isPartOf":{"@id":"https:\/\/energie-zentrum-deutschland.de\/de\/#website"},"primaryImageOfPage":{"@id":"https:\/\/energie-zentrum-deutschland.de\/de\/cookie-policy\/#primaryimage"},"image":{"@id":"https:\/\/energie-zentrum-deutschland.de\/de\/cookie-policy\/#primaryimage"},"thumbnailUrl":"https:\/\/energie-zentrum-deutschland.de\/wp-content\/uploads\/2024\/12\/Group-39892.svg","datePublished":"2024-12-29T22:17:09+00:00","dateModified":"2025-01-22T11:55:55+00:00","breadcrumb":{"@id":"https:\/\/energie-zentrum-deutschland.de\/de\/cookie-policy\/#breadcrumb"},"inLanguage":"de","potentialAction":[{"@type":"ReadAction","target":["https:\/\/energie-zentrum-deutschland.de\/de\/cookie-policy\/"]}]},{"@type":"ImageObject","inLanguage":"de","@id":"https:\/\/energie-zentrum-deutschland.de\/de\/cookie-policy\/#primaryimage","url":"https:\/\/energie-zentrum-deutschland.de\/wp-content\/uploads\/2024\/12\/Group-39892.svg","contentUrl":"https:\/\/energie-zentrum-deutschland.de\/wp-content\/uploads\/2024\/12\/Group-39892.svg"},{"@type":"BreadcrumbList","@id":"https:\/\/energie-zentrum-deutschland.de\/de\/cookie-policy\/#breadcrumb","itemListElement":[{"@type":"ListItem","position":1,"name":"Home","item":"https:\/\/energie-zentrum-deutschland.de\/"},{"@type":"ListItem","position":2,"name":"Cookie policy"}]},{"@type":"WebSite","@id":"https:\/\/energie-zentrum-deutschland.de\/de\/#website","url":"https:\/\/energie-zentrum-deutschland.de\/de\/","name":"Energiezentrum Deutschland","description":"Im Zentrum der Energiewende","publisher":{"@id":"https:\/\/energie-zentrum-deutschland.de\/de\/#organization"},"potentialAction":[{"@type":"SearchAction","target":{"@type":"EntryPoint","urlTemplate":"https:\/\/energie-zentrum-deutschland.de\/de\/?s={search_term_string}"},"query-input":{"@type":"PropertyValueSpecification","valueRequired":true,"valueName":"search_term_string"}}],"inLanguage":"de"},{"@type":"Organization","@id":"https:\/\/energie-zentrum-deutschland.de\/de\/#organization","name":"Energiezentrum Deutschland","url":"https:\/\/energie-zentrum-deutschland.de\/de\/","logo":{"@type":"ImageObject","inLanguage":"de","@id":"https:\/\/energie-zentrum-deutschland.de\/de\/#\/schema\/logo\/image\/","url":"https:\/\/energie-zentrum-deutschland.de\/wp-content\/uploads\/2025\/01\/Asset-1@2x.png","contentUrl":"https:\/\/energie-zentrum-deutschland.de\/wp-content\/uploads\/2025\/01\/Asset-1@2x.png","width":42,"height":41,"caption":"Energiezentrum Deutschland"},"image":{"@id":"https:\/\/energie-zentrum-deutschland.de\/de\/#\/schema\/logo\/image\/"},"sameAs":["https:\/\/www.facebook.com\/profile.php?id=61569888557661","https:\/\/www.instagram.com\/energie_zentrum\/","https:\/\/www.youtube.com\/@Energie.zentrum"]}]}},"_links":{"self":[{"href":"https:\/\/energie-zentrum-deutschland.de\/de\/wp-json\/wp\/v2\/pages\/1054","targetHints":{"allow":["GET"]}}],"collection":[{"href":"https:\/\/energie-zentrum-deutschland.de\/de\/wp-json\/wp\/v2\/pages"}],"about":[{"href":"https:\/\/energie-zentrum-deutschland.de\/de\/wp-json\/wp\/v2\/types\/page"}],"author":[{"embeddable":true,"href":"https:\/\/energie-zentrum-deutschland.de\/de\/wp-json\/wp\/v2\/users\/1"}],"replies":[{"embeddable":true,"href":"https:\/\/energie-zentrum-deutschland.de\/de\/wp-json\/wp\/v2\/comments?post=1054"}],"version-history":[{"count":13,"href":"https:\/\/energie-zentrum-deutschland.de\/de\/wp-json\/wp\/v2\/pages\/1054\/revisions"}],"predecessor-version":[{"id":1572,"href":"https:\/\/energie-zentrum-deutschland.de\/de\/wp-json\/wp\/v2\/pages\/1054\/revisions\/1572"}],"wp:attachment":[{"href":"https:\/\/energie-zentrum-deutschland.de\/de\/wp-json\/wp\/v2\/media?parent=1054"}],"curies":[{"name":"wp","href":"https:\/\/api.w.org\/{rel}","templated":true}]}}